{"id":15,"date":"2025-02-25T18:19:11","date_gmt":"2025-02-25T17:19:11","guid":{"rendered":"https:\/\/entente-sportive-septmoncel.fr\/?page_id=15"},"modified":"2025-02-27T15:42:30","modified_gmt":"2025-02-27T14:42:30","slug":"bureau","status":"publish","type":"page","link":"https:\/\/entente-sportive-septmoncel.fr\/index.php\/bureau\/","title":{"rendered":"Bureau"},"content":{"rendered":"\n<figure class=\"wp-block-image size-full\"><img fetchpriority=\"high\" decoding=\"async\" width=\"1920\" height=\"672\" src=\"https:\/\/entente-sportive-septmoncel.fr\/wp-content\/uploads\/2025\/02\/sentiers-4.webp\" alt=\"\" class=\"wp-image-181\" srcset=\"https:\/\/entente-sportive-septmoncel.fr\/wp-content\/uploads\/2025\/02\/sentiers-4.webp 1920w, https:\/\/entente-sportive-septmoncel.fr\/wp-content\/uploads\/2025\/02\/sentiers-4-300x105.webp 300w, https:\/\/entente-sportive-septmoncel.fr\/wp-content\/uploads\/2025\/02\/sentiers-4-1024x359.webp 1024w, https:\/\/entente-sportive-septmoncel.fr\/wp-content\/uploads\/2025\/02\/sentiers-4-768x269.jpeg 768w, https:\/\/entente-sportive-septmoncel.fr\/wp-content\/uploads\/2025\/02\/sentiers-4-1536x538.jpeg 1536w, https:\/\/entente-sportive-septmoncel.fr\/wp-content\/uploads\/2025\/02\/sentiers-4-2048x717.jpeg 2048w\" sizes=\"(max-width: 1920px) 100vw, 1920px\" \/><\/figure>\n\n\n\n<div style=\"height:100px\" aria-hidden=\"true\" class=\"wp-block-spacer\"><\/div>\n\n\n\n<p class=\"has-vivid-red-color has-text-color has-link-color wp-elements-b0eb9f1d8c8243255ebb72b06ac43a03\"><strong>COMPOSITION DU COMITE D&rsquo;ADMINISTRATION DE L&rsquo;ESS<\/strong><\/p>\n\n\n\n<p class=\"has-black-color has-text-color has-link-color wp-elements-f4fdef14ae355e323d17ceb3be4b7aeb\"><strong><br><br>Pr\u00e9sident : VERNEREY Samuel : Tel : 03 84 41 62 98 ; mail : samvernerey@orange.fr<br><br>Vice-pr\u00e9sident : BLANC Claude<br><br>Secr\u00e9taire : CORTINOVIS Flavien<br><br>Tr\u00e9sori\u00e8res :&nbsp;DAVID Marie Christine et RAFFIN Christelle<\/strong><\/p>\n\n\n\n<div style=\"height:100px\" aria-hidden=\"true\" class=\"wp-block-spacer\"><\/div>\n\n\n\n<p class=\"has-vivid-red-color has-text-color has-link-color wp-elements-7b4d2422d57b916d8e80aaebd6447702\"><br><strong>Autres Membres du CA :<\/strong><\/p>\n\n\n\n<p><strong>BAVOUX R\u00e9gis<\/strong><\/p>\n\n\n\n<p><strong>BLANC Elisabeth<\/strong><\/p>\n\n\n\n<p><strong>BOUTON Rodolphe<\/strong><\/p>\n\n\n\n<p><strong>FAHY Benoit<\/strong><\/p>\n\n\n\n<p><strong>HUMBERT David<\/strong><br><br><strong>JOZ-ROLAND Jacques (Pr\u00e9sident d&rsquo;honneur)<br><\/strong><br><strong>LORGE Beno\u00eet&nbsp;<\/strong><\/p>\n\n\n\n<p><strong>PETITJEAN Aur\u00e9lien<\/strong><br><br><strong>ROSSERO Jean-Louis<\/strong><br><br><strong>VUILLET Dani\u00e8le<\/strong><br><br><strong>VUILLET-AIB Louisa<\/strong><\/p>\n\n\n\n<div style=\"height:100px\" aria-hidden=\"true\" class=\"wp-block-spacer\"><\/div>\n\n\n\n<p class=\"has-vivid-red-color has-text-color has-link-color wp-elements-d7ef4e5a416c0806f12d8307630caaa0\"><strong>Responsables Sections : <\/strong><\/p>\n\n\n\n<p class=\"has-black-color has-text-color has-link-color wp-elements-d122d3e75afda11f50db58839dfcab31\"><strong>ROSSERO Jean-Louis : ski<\/strong><\/p>\n\n\n\n<p><strong>VUILLET-AIB Louisa : danse orientale<\/strong><\/p>\n\n\n\n<p><strong>SALINS Marie-France : gymnastique<\/strong><\/p>\n\n\n\n<p><strong>LUTIC Nad\u00e8ge : trail<\/strong><\/p>\n\n\n\n<p><strong>VERNEREY Sam : gravel<\/strong><br><br><\/p>\n","protected":false},"excerpt":{"rendered":"<p>COMPOSITION DU COMITE D&rsquo;ADMINISTRATION DE L&rsquo;ESS Pr\u00e9sident : VERNEREY Samuel : Tel : 03 84 41 62 98 ; mail : samvernerey@orange.fr Vice-pr\u00e9sident : BLANC Claude Secr\u00e9taire : CORTINOVIS Flavien Tr\u00e9sori\u00e8res :&nbsp;DAVID Marie Christine et RAFFIN Christelle Autres Membres du CA : BAVOUX R\u00e9gis BLANC Elisabeth BOUTON Rodolphe FAHY Benoit HUMBERT David JOZ-ROLAND Jacques (Pr\u00e9sident [&hellip;]<\/p>\n","protected":false},"author":1,"featured_media":0,"parent":0,"menu_order":0,"comment_status":"closed","ping_status":"closed","template":"","meta":{"footnotes":""},"class_list":["post-15","page","type-page","status-publish","hentry"],"_links":{"self":[{"href":"https:\/\/entente-sportive-septmoncel.fr\/index.php\/wp-json\/wp\/v2\/pages\/15","targetHints":{"allow":["GET"]}}],"collection":[{"href":"https:\/\/entente-sportive-septmoncel.fr\/index.php\/wp-json\/wp\/v2\/pages"}],"about":[{"href":"https:\/\/entente-sportive-septmoncel.fr\/index.php\/wp-json\/wp\/v2\/types\/page"}],"author":[{"embeddable":true,"href":"https:\/\/entente-sportive-septmoncel.fr\/index.php\/wp-json\/wp\/v2\/users\/1"}],"replies":[{"embeddable":true,"href":"https:\/\/entente-sportive-septmoncel.fr\/index.php\/wp-json\/wp\/v2\/comments?post=15"}],"version-history":[{"count":13,"href":"https:\/\/entente-sportive-septmoncel.fr\/index.php\/wp-json\/wp\/v2\/pages\/15\/revisions"}],"predecessor-version":[{"id":247,"href":"https:\/\/entente-sportive-septmoncel.fr\/index.php\/wp-json\/wp\/v2\/pages\/15\/revisions\/247"}],"wp:attachment":[{"href":"https:\/\/entente-sportive-septmoncel.fr\/index.php\/wp-json\/wp\/v2\/media?parent=15"}],"curies":[{"name":"wp","href":"https:\/\/api.w.org\/{rel}","templated":true}]}}