{"id":21,"date":"2025-02-25T18:25:39","date_gmt":"2025-02-25T17:25:39","guid":{"rendered":"https:\/\/entente-sportive-septmoncel.fr\/?page_id=21"},"modified":"2025-09-01T19:29:55","modified_gmt":"2025-09-01T17:29:55","slug":"epreuves","status":"publish","type":"page","link":"https:\/\/entente-sportive-septmoncel.fr\/index.php\/epreuves\/","title":{"rendered":"Trails des 7 Monts"},"content":{"rendered":"\n<figure class=\"wp-block-image aligncenter size-large is-resized\"><img decoding=\"async\" src=\"https:\/\/entente-sportive-septmoncel.fr\/wp-content\/uploads\/2025\/09\/affiche-7-Monts-2025-pm-2-724x1024.jpg\" alt=\"\" class=\"wp-image-301\" style=\"width:295px;height:auto\"\/><\/figure>\n\n\n\n<p class=\"has-vivid-red-color has-text-color has-link-color has-medium-font-size wp-elements-45b98be873e26129ece5bd5117eabb05\"><strong>Cette ann\u00e9e, nous f\u00eatons les 40 ans des \u00e9preuves des 7 Monts. Les courses se d\u00e9rouleront exceptionnellement le samedi 11 octobre 2025 apr\u00e8s midi et seront suivies d&rsquo;une soir\u00e9e conviviale autour d&rsquo;un couscous. ce repas est compris dans l&rsquo;inscription du trail 34 km mais pas dans celle des autres \u00e9preuves<\/strong><\/p>\n\n\n\n<div style=\"height:100px\" aria-hidden=\"true\" class=\"wp-block-spacer\"><\/div>\n\n\n\n<figure class=\"wp-block-image aligncenter size-large\"><img fetchpriority=\"high\" decoding=\"async\" width=\"1024\" height=\"388\" src=\"http:\/\/entente-sportive-septmoncel.fr\/wp-content\/uploads\/2025\/02\/trail1-1024x388.jpeg\" alt=\"\" class=\"wp-image-206\" srcset=\"https:\/\/entente-sportive-septmoncel.fr\/wp-content\/uploads\/2025\/02\/trail1-1024x388.jpeg 1024w, https:\/\/entente-sportive-septmoncel.fr\/wp-content\/uploads\/2025\/02\/trail1-300x114.jpeg 300w, https:\/\/entente-sportive-septmoncel.fr\/wp-content\/uploads\/2025\/02\/trail1-768x291.jpeg 768w, https:\/\/entente-sportive-septmoncel.fr\/wp-content\/uploads\/2025\/02\/trail1-1536x582.jpeg 1536w, https:\/\/entente-sportive-septmoncel.fr\/wp-content\/uploads\/2025\/02\/trail1.jpeg 1579w\" sizes=\"(max-width: 1024px) 100vw, 1024px\" \/><figcaption class=\"wp-element-caption\">C\u00e9dric Mermet<\/figcaption><\/figure>\n\n\n\n<div class=\"wp-block-columns has-x-large-font-size is-layout-flex wp-container-core-columns-is-layout-28f84493 wp-block-columns-is-layout-flex\">\n<div class=\"wp-block-column has-vivid-red-color has-light-green-cyan-background-color has-text-color has-background has-link-color wp-elements-acec4b5d67d26c12d4153536957e0af1 is-layout-flow wp-block-column-is-layout-flow\">\n<p class=\"has-text-align-center\"><strong>TRAIL<\/strong><\/p>\n\n\n\n<p class=\"has-text-align-center\"><strong>34 km<\/strong><\/p>\n\n\n\n<p class=\"has-text-align-center\"><strong>+ 1900 m<\/strong><\/p>\n\n\n\n<p class=\"has-text-align-center\"><strong>12h<\/strong><\/p>\n\n\n\n<p class=\"has-text-align-center has-medium-font-size\"><a href=\"https:\/\/tracedetrail.fr\/fr\/trace\/79795\" target=\"_blank\" rel=\"noreferrer noopener\"><strong>Parcours et profil<\/strong><\/a><\/p>\n\n\n\n<p class=\"has-text-align-center has-medium-font-size\"><strong><a href=\"https:\/\/entente-sportive-septmoncel.fr\/index.php\/inscriptions\/\" data-type=\"page\" data-id=\"46\">INSCRIPTION<\/a><\/strong><\/p>\n<\/div>\n\n\n\n<div class=\"wp-block-column has-vivid-red-color has-light-green-cyan-background-color has-text-color has-background has-link-color has-x-large-font-size wp-elements-25968ca7b8f3f5243c390a3495ed0ed7 is-layout-flow wp-block-column-is-layout-flow\">\n<p class=\"has-text-align-center\"><strong>ENJAMBEE<\/strong><\/p>\n\n\n\n<p class=\"has-text-align-center\"><strong>15 km<\/strong><\/p>\n\n\n\n<p class=\"has-text-align-center\"><strong>+ 600 m<\/strong><\/p>\n\n\n\n<p class=\"has-text-align-center\"><strong>14h30<\/strong><\/p>\n\n\n\n<p class=\"has-text-align-center has-medium-font-size\"><a href=\"https:\/\/tracedetrail.fr\/fr\/trace\/79797\" target=\"_blank\" rel=\"noreferrer noopener\"><strong>Parcours et profil<\/strong><\/a><\/p>\n\n\n\n<p class=\"has-text-align-center has-medium-font-size\"><strong><a href=\"https:\/\/entente-sportive-septmoncel.fr\/index.php\/inscriptions\/\" data-type=\"page\" data-id=\"46\">INSCRIPTION<\/a><\/strong><\/p>\n<\/div>\n\n\n\n<div class=\"wp-block-column has-vivid-red-color has-light-green-cyan-background-color has-text-color has-background has-link-color wp-elements-450eeca7c3f73dd476c8f403e8300ac9 is-layout-flow wp-block-column-is-layout-flow\">\n<p class=\"has-text-align-center\"><strong>SPRINTRAIL<\/strong><\/p>\n\n\n\n<p class=\"has-text-align-center\"><strong>9 km<\/strong><\/p>\n\n\n\n<p class=\"has-text-align-center\"><strong>+ 370 m<\/strong><\/p>\n\n\n\n<p class=\"has-text-align-center\"><strong>14h<\/strong><\/p>\n\n\n\n<p class=\"has-text-align-center has-medium-font-size\"><a href=\"https:\/\/tracedetrail.fr\/fr\/trace\/79799\" target=\"_blank\" rel=\"noreferrer noopener\"><strong>Parcours et profil<\/strong><\/a><\/p>\n\n\n\n<p class=\"has-text-align-center has-medium-font-size\"><strong><a href=\"https:\/\/entente-sportive-septmoncel.fr\/index.php\/inscriptions\/\" data-type=\"page\" data-id=\"46\">INSCRIPTION<\/a><\/strong><\/p>\n<\/div>\n<\/div>\n\n\n\n<figure class=\"wp-block-image aligncenter size-full\"><img decoding=\"async\" src=\"http:\/\/entente-sportive-septmoncel.fr\/wp-content\/uploads\/2025\/02\/rando1.jpeg\" alt=\"\" class=\"wp-image-205\"\/><\/figure>\n\n\n\n<div style=\"height:100px\" aria-hidden=\"true\" class=\"wp-block-spacer\"><\/div>\n\n\n\n<div class=\"wp-block-columns is-layout-flex wp-container-core-columns-is-layout-28f84493 wp-block-columns-is-layout-flex\">\n<div class=\"wp-block-column has-vivid-red-color has-light-green-cyan-background-color has-text-color has-background has-link-color has-x-large-font-size wp-elements-3ccbf50d47941466e028bbdcf6939478 is-layout-flow wp-block-column-is-layout-flow\">\n<p class=\"has-text-align-center\"><strong>LA RANDONNEE SE FAIT AU CHOIX SUR LE PARCOURS DU 9 KM OU DU 14 KM<\/strong><\/p>\n\n\n\n<p class=\"has-text-align-center\"><strong>+370 m ou +600 m<\/strong><\/p>\n\n\n\n<p class=\"has-text-align-center\"><strong>13h30<\/strong><\/p>\n\n\n\n<p class=\"has-text-align-center has-medium-font-size\"><strong><a href=\"https:\/\/entente-sportive-septmoncel.fr\/index.php\/inscriptions\/\" data-type=\"page\" data-id=\"46\">INSCRIPTION<\/a><\/strong><\/p>\n<\/div>\n<\/div>\n\n\n\n<p><\/p>\n","protected":false},"excerpt":{"rendered":"<p>Cette ann\u00e9e, nous f\u00eatons les 40 ans des \u00e9preuves des 7 Monts. Les courses se d\u00e9rouleront exceptionnellement le samedi 11 octobre 2025 apr\u00e8s midi et seront suivies d&rsquo;une soir\u00e9e conviviale autour d&rsquo;un couscous. ce repas est compris dans l&rsquo;inscription du trail 34 km mais pas dans celle des autres \u00e9preuves TRAIL 34 km + 1900 [&hellip;]<\/p>\n","protected":false},"author":1,"featured_media":0,"parent":0,"menu_order":0,"comment_status":"closed","ping_status":"closed","template":"","meta":{"footnotes":""},"class_list":["post-21","page","type-page","status-publish","hentry"],"_links":{"self":[{"href":"https:\/\/entente-sportive-septmoncel.fr\/index.php\/wp-json\/wp\/v2\/pages\/21","targetHints":{"allow":["GET"]}}],"collection":[{"href":"https:\/\/entente-sportive-septmoncel.fr\/index.php\/wp-json\/wp\/v2\/pages"}],"about":[{"href":"https:\/\/entente-sportive-septmoncel.fr\/index.php\/wp-json\/wp\/v2\/types\/page"}],"author":[{"embeddable":true,"href":"https:\/\/entente-sportive-septmoncel.fr\/index.php\/wp-json\/wp\/v2\/users\/1"}],"replies":[{"embeddable":true,"href":"https:\/\/entente-sportive-septmoncel.fr\/index.php\/wp-json\/wp\/v2\/comments?post=21"}],"version-history":[{"count":20,"href":"https:\/\/entente-sportive-septmoncel.fr\/index.php\/wp-json\/wp\/v2\/pages\/21\/revisions"}],"predecessor-version":[{"id":303,"href":"https:\/\/entente-sportive-septmoncel.fr\/index.php\/wp-json\/wp\/v2\/pages\/21\/revisions\/303"}],"wp:attachment":[{"href":"https:\/\/entente-sportive-septmoncel.fr\/index.php\/wp-json\/wp\/v2\/media?parent=21"}],"curies":[{"name":"wp","href":"https:\/\/api.w.org\/{rel}","templated":true}]}}