{"id":24,"date":"2025-02-25T18:26:08","date_gmt":"2025-02-25T17:26:08","guid":{"rendered":"https:\/\/entente-sportive-septmoncel.fr\/?page_id=24"},"modified":"2025-10-08T20:18:19","modified_gmt":"2025-10-08T18:18:19","slug":"reglement","status":"publish","type":"page","link":"https:\/\/entente-sportive-septmoncel.fr\/index.php\/reglement\/","title":{"rendered":"R\u00e8glement"},"content":{"rendered":"\n<figure class=\"wp-block-image aligncenter size-full\"><img fetchpriority=\"high\" decoding=\"async\" width=\"626\" height=\"217\" src=\"http:\/\/entente-sportive-septmoncel.fr\/wp-content\/uploads\/2025\/02\/regl.webp\" alt=\"\" class=\"wp-image-232\" srcset=\"https:\/\/entente-sportive-septmoncel.fr\/wp-content\/uploads\/2025\/02\/regl.webp 626w, https:\/\/entente-sportive-septmoncel.fr\/wp-content\/uploads\/2025\/02\/regl-300x104.webp 300w\" sizes=\"(max-width: 626px) 100vw, 626px\" \/><\/figure>\n\n\n\n<div class=\"wp-block-group is-layout-constrained wp-block-group-is-layout-constrained\">\n<p><strong>Art. 1 \u2013 L\u2019organisation<\/strong><\/p>\n\n\n\n<p>Le Trail des 7 monts est organis\u00e9 par l&rsquo;Entente Sportive de Septmoncel le samedi 11 octobre 2025.<\/p>\n\n\n\n<p><strong>Art. 2 \u2013 Les \u00e9preuves<\/strong><\/p>\n\n\n\n<p>Le Trail des 7 monts comprend trois \u00e9preuves:<\/p>\n\n\n\n<p>1 \u00e9preuve de 34 km, avec 1900 m de D+ d\u00e9nomm\u00e9e Trail des 7 monts : d\u00e9part \u00e0 12 h<\/p>\n\n\n\n<p>1 \u00e9preuve de 15 km, avec 590 m de D+ d\u00e9nomm\u00e9e enjamb\u00e9e des 7 monts &nbsp; : d\u00e9part \u00e0 14 h 30<\/p>\n\n\n\n<p>1 \u00e9preuve de 9 km, avec 370 m de D+<strong> <\/strong>d\u00e9nomm\u00e9e sprint Trail des 7 monts : d\u00e9part \u00e0 14 h <\/p>\n\n\n\n<p>1 randonn\u00e9e de 9 ou 15 km d\u00e9part 13h30<\/p>\n\n\n\n<p>L\u2019organisateur se r\u00e9serve la possibilit\u00e9 de modifier le parcours initial selon les contraintes sanitaires, environnementales, m\u00e9t\u00e9orologiques et s\u00e9curitaires.<\/p>\n\n\n\n<p><strong>Art. 3 \u2013 Participants<\/strong><\/p>\n\n\n\n<p>Les \u00e9preuves du Trail des 7 monts sont ouvertes aux licenci\u00e9s et non licenci\u00e9s, hommes et dames de toutes nationalit\u00e9s.<\/p>\n\n\n\n<p>Pour le Sprint Trail 9 km \u00e0 partir de la cat\u00e9gorie cadet : ann\u00e9e 2009 et 2010<\/p>\n\n\n\n<p>Pour l&rsquo;Enjamb\u00e9e 15 km \u00e0 partir de la cat\u00e9gorie junior : ann\u00e9e 2007 et 2008<\/p>\n\n\n\n<p>Pour le Trail 34 km&nbsp; \u00e0 partir de la cat\u00e9gorie espoir ann\u00e9e 2004 \u00e0 2006<\/p>\n\n\n\n<p>L&rsquo;organisateur se r\u00e9serve la possibilit\u00e9 de limiter le nombre d&rsquo;inscriptions pour des raisons sanitaires ou de s\u00e9curit\u00e9.<\/p>\n\n\n\n<p><strong>Art. 4 \u2013 Inscriptions<\/strong><\/p>\n\n\n\n<p>Pour \u00eatre valid\u00e9e par l\u2019organisateur, toute inscription aux courses devra \u00eatre obligatoirement accompagn\u00e9e d\u2019une copie de licence (FFA uniquement) ou de l\u2019attestation de suivi du Parcours Pr\u00e9vention Sant\u00e9 disponible sur <a href=\"https:\/\/pps.athle.fr\/\">https:\/\/pps.athle.fr\/<\/a> et du paiement des droits d\u2019engagement. Dans le cas contraire, le coureur ne sera pas autoris\u00e9 \u00e0 prendre le d\u00e9part.<\/p>\n\n\n\n<p>Pour les coureurs \u00e9trangers, le r\u00e8glement pourra s&rsquo;effectuer sur place<\/p>\n\n\n\n<p>le nombre d&rsquo;inscriptions est limit\u00e9 \u00e0 200 sur le Trail 34km.<\/p>\n\n\n\n<p>Toutes les inscriptions devront \u00eatre r\u00e9alis\u00e9es sur le net jusqu&rsquo;au jeudi 9 octobre, fermeture du serveur 18h00 &nbsp;<\/p>\n\n\n\n<p><strong>aucune inscription ne sera accept\u00e9e par t\u00e9l\u00e9phone.<\/strong><\/p>\n\n\n\n<p>Tarifs d\u2019inscription<\/p>\n\n\n\n<p>Trail 34 km : 40 \u20ac\u00a0 jusqu&rsquo;au 30\/09\/2025 \u00e0 23h59, 45 \u20ac \u00a0jusqu&rsquo;au 09\/10 \u00e0 23h59 <strong>repas<\/strong> <strong>compris<\/strong><\/p>\n\n\n\n<p>Enjamb\u00e9e 15 km: 15 \u20ac\u00a0 jusqu&rsquo;au 30\/09\/2024, 20 \u20ac\u00a0 jusqu&rsquo;au 09\/10\/25 \u00e0 23h59 <strong>sans repas<\/strong><\/p>\n\n\n\n<p>Sprint trail 9 km : 10 \u20ac\u00a0 jusqu&rsquo;au 30\/09\/2024, 15\u20ac\u00a0 jusqu&rsquo;au 09\/10\/25 \u00e0 23h59 <strong>sans repas<\/strong><\/p>\n\n\n\n<p>randonn\u00e9e 9 ou 15 km : 5\u20ac\u00a0 <strong>sans repas\u00a0<\/strong>(inscriptions possibles sur place)<\/p>\n\n\n\n<p><strong>repas en option<\/strong> : 15 \u20ac <\/p>\n\n\n\n<p>Attribution des dossards dans la limite des places disponibles.<\/p>\n\n\n\n<p><strong>En cas d&rsquo;annulation de l&rsquo;\u00e9preuve, les frais d&rsquo;inscription seront totalement rembours\u00e9s (hors frais bancaires)<\/strong><\/p>\n\n\n\n<p>Les frais d\u2019inscriptions des courses comprennent :<\/p>\n\n\n\n<p>L\u2019assistance m\u00e9dicale, les ravitaillements, le chronom\u00e9trage, le lot souvenir et le repas si l&rsquo;option est choisie.<\/p>\n\n\n\n<p><strong>Art. 5 \u2013 Equipement imp\u00e9ratif :&nbsp;<\/strong><\/p>\n\n\n\n<p><strong>Equipement obligatoire<\/strong><\/p>\n\n\n\n<p><strong>Portable<\/strong> avec num\u00e9ro des secours enregistr\u00e9 <strong>(06 08 47 41 87)<\/strong><\/p>\n\n\n\n<p><strong>R\u00e9serve d\u2019eau,<\/strong> Camel Back ou gourde, <strong>gobelet<\/strong> (pas de verre au ravitaillements)<\/p>\n\n\n\n<p><strong>R\u00e9serve alimentaire<\/strong>&nbsp;<\/p>\n\n\n\n<p>Equipement vivement recommand\u00e9 (Trail 34 km ) :<\/p>\n\n\n\n<p>Un sifflet,<\/p>\n\n\n\n<p>Un v\u00eatement prot\u00e9geant du froid et de la pluie,<\/p>\n\n\n\n<p>Une couverture de survie<\/p>\n\n\n\n<p>B\u00e2tons :<\/p>\n\n\n\n<p>Ils sont autoris\u00e9s et devront \u00eatre port\u00e9s toute la course.<\/p>\n\n\n\n<p><strong>Art. 6 \u2013 Balisage<\/strong><\/p>\n\n\n\n<p>Le balisage se fera \u00e0 l\u2019aide de Rubalise de couleur en hauteur ou jalonnettes au sol et du balisage existant des sentiers de montagne et GR.<\/p>\n\n\n\n<p><strong>Art. 7 \u2013 S\u00e9curit\u00e9 et secours<\/strong><\/p>\n\n\n\n<p>Une \u00e9quipe d&rsquo;assistance m\u00e9dicale est pr\u00e9sente tout au long de l\u2019\u00e9preuve.<\/p>\n\n\n\n<p>Les postes de secours sont destin\u00e9s \u00e0 porter assistance \u00e0 toute personne bless\u00e9e avec les moyens propres \u00e0 l\u2019organisation ou conventionn\u00e9s<\/p>\n\n\n\n<p><strong>Art. 8 \u2013 Ravitaillements<\/strong><\/p>\n\n\n\n<p>Trail 34 km : 3 ravitaillements : Mont\u00e9pile <strong>km 13<\/strong> ; Laisia-1&nbsp; <strong>km 23<\/strong> ; Laisia-2&nbsp; <strong>km 28<\/strong> + point d&rsquo;eau Cernaise&nbsp; <strong>km 20<\/strong><\/p>\n\n\n\n<p>Enjamb\u00e9e 15 km : 2 ravitaillements : Laisia-1&nbsp; <strong>km <\/strong><strong>4<\/strong> ; Laisia-2&nbsp; <strong>km <\/strong><strong>9&nbsp;<\/strong><\/p>\n\n\n\n<p>Sprintrail 9 km : 1 ravitaillements : Laisia-2 &nbsp;<strong>km <\/strong><strong>3<\/strong><\/p>\n\n\n\n<p>Ravitaillement d&rsquo;arriv\u00e9e pour chaque course + randonn\u00e9es<\/p>\n\n\n\n<p><strong>ART. 9 \u2013 Dossards-Assistance en course-Accompagnants<\/strong><\/p>\n\n\n\n<p>Le dossard doit \u00eatre visible sur la poitrine tout au long de la course.<\/p>\n\n\n\n<p>Les bicyclettes ou engins motoris\u00e9s sont formellement interdits sur le parcours. Tout accompagnement par un autre coureur non inscrit ou un animal est interdit<\/p>\n\n\n\n<p><strong>Art. 10 \u2013 Barri\u00e8res horaires et contr\u00f4les<\/strong><\/p>\n\n\n\n<p>Trois barri\u00e8res horaires seront en vigueur sur le trail 34 km:<\/p>\n\n\n\n<p>&#8211; Mont\u00e9pile&nbsp; 13 km&nbsp; : 15h<\/p>\n\n\n\n<p>&#8211; Laisia 1 23 km (ravito) : 17h<\/p>\n\n\n\n<p>&#8211;&nbsp; Laisia 2 : 28 km (ravito): 18h30<\/p>\n\n\n\n<p>Les coureurs se pr\u00e9sentant au del\u00e0 des horaires pr\u00e9vus seront arr\u00eat\u00e9s.<\/p>\n\n\n\n<p>Des contr\u00f4les seront effectu\u00e9s tout au long du parcours. Le dossard devra \u00eatre enti\u00e8rement visible tout au long de la course.<\/p>\n\n\n\n<p>Les contr\u00f4leurs plac\u00e9s sur le parcours sont \u00e9galement habilit\u00e9s \u00e0 contr\u00f4ler le mat\u00e9riel obligatoire. Tout coureur n\u2019\u00e9tant pas en possession de son mat\u00e9riel obligatoire lors du contr\u00f4le sera sanctionn\u00e9 par d\u00e9cision du&nbsp; comit\u00e9 de course.<\/p>\n\n\n\n<p><strong>Art. 11 \u2013 Abandons<\/strong><\/p>\n\n\n\n<p>En cas d\u2019abandon, un coureur doit obligatoirement pr\u00e9venir le responsable du poste de secours, de ravitaillement ou de contr\u00f4le le plus proche et restituer son dossard.<\/p>\n\n\n\n<p><strong>Art. 12 &#8211; Prix et r\u00e9compenses<\/strong><\/p>\n\n\n\n<p>10 premiers et premi\u00e8res scratch sur chaque course et premiers et premi\u00e8res de chaque cat\u00e9gorie ci dessous :<\/p>\n\n\n\n<p>Les cat\u00e9gories sont : C-J-Es-S-M0M1-M2M3-M4 et apr\u00e8s<\/p>\n\n\n\n<p><strong>Art. 13 \u2013 Assurance<\/strong><\/p>\n\n\n\n<p>L\u2019organisateur a souscrit une assurance responsabilit\u00e9 civile pour la dur\u00e9e de l\u2019\u00e9v\u00e8nement.<\/p>\n\n\n\n<p>Les comp\u00e9titeurs licenci\u00e9s doivent se conformer aux conditions de licence requises par leur f\u00e9d\u00e9ration nationale. Ils b\u00e9n\u00e9ficient des garanties accord\u00e9es par l\u2019assurance li\u00e9e \u00e0 leur licence.<\/p>\n\n\n\n<p>Il incombe aux autres participants non licenci\u00e9s de s\u2019assurer personnellement contre les risques li\u00e9s \u00e0 la pratique du Trail et des sports nature.<\/p>\n\n\n\n<p>L\u2019organisateur ne peut en aucun cas \u00eatre tenu pour responsable en cas d\u2019accident, de d\u00e9faillance cons\u00e9cutive \u00e0 un mauvais \u00e9tat de sant\u00e9 ou \u00e0 une pr\u00e9paration insuffisante ou en cas de vol.<\/p>\n\n\n\n<p><strong>Art. 14 \u2013 Obligations des participants :&nbsp;<\/strong><\/p>\n\n\n\n<p>en attente des r\u00e9glementations de la pr\u00e9fecture<\/p>\n\n\n\n<p>Respect de l\u2019environnement<\/p>\n\n\n\n<p>Les \u00e9preuves des 7 monts sont organis\u00e9es dans le respect des r\u00e8gles de protection de l\u2019environnement. Toute attitude contraire \u00e0 ce principe entra\u00eenera la disqualification du coureur : jet de ravitaillement hors des zones de ravitaillement, circulation en dehors du sentier balis\u00e9, d\u00e9gradation volontaire de la flore, d\u00e9chets abandonn\u00e9s sur place.<\/p>\n\n\n\n<p>Respect du code de la route<\/p>\n\n\n\n<p>L&rsquo;organisateur met tous les moyens en oeuvre pour assurer la s\u00e9curit\u00e9 tout au long du parcours. Cependant, chaque coureur se doit de respecter le code de la route, notamment lorsque le trac\u00e9 emprunte ou traverse une route.<\/p>\n\n\n\n<p>Respect des b\u00e9n\u00e9voles<\/p>\n\n\n\n<p>Tout coureur se doit de respecter les b\u00e9n\u00e9voles, membres de l\u2019organisation, sous peine de sanctions ou disqualification.<\/p>\n\n\n\n<p>Assistance aux autres concurrents<\/p>\n\n\n\n<p>Tous les participants doivent porter assistance \u00e0 toute personne en danger. Un calcul sera appliqu\u00e9 par l\u2019organisation pour ne pas vous p\u00e9naliser. En cas de d\u00e9tresse, alertez ou faites alerter l\u2019organisation situ\u00e9e sur le parcours.&nbsp;<\/p>\n\n\n\n<p><strong>Art. 15 \u2013 Contr\u00f4le anti-dopage<\/strong><\/p>\n\n\n\n<p>En cas de contr\u00f4le anti-dopage, des locaux adapt\u00e9s seront mis \u00e0 disposition par l&rsquo;organisation \u00e0 proximit\u00e9 du lieux de d\u00e9part et d&rsquo;arriv\u00e9e.<\/p>\n\n\n\n<p><strong>Art. 16 \u2013 Droits d\u2019image<\/strong><\/p>\n\n\n\n<p>Par son engagement, tout coureur autorise l&rsquo;organisateur ainsi que ses ayant droits, tels que les partenaires et m\u00e9dia, \u00e0 utiliser les images fixes ou audiovisuelles sur lesquels il pourrait appara\u00eetre.<\/p>\n\n\n\n<p>Les participants reconnaissent \u00e0 l&rsquo;organisation des 7 monts et \u00e0 ses partenaires le droit de pratiquer toute forme de publicit\u00e9 et plus largement toute forme de promotion en exploitant le nom et l&rsquo;image, sans r\u00e9mun\u00e9ration ni indemnit\u00e9.<\/p>\n\n\n\n<p>A<strong>rt. 17 &#8211; Acceptation du r\u00e8glement de l\u2019\u00e9preuve<\/strong><\/p>\n\n\n\n<p>En acquittant son inscription, chaque concurrent confirme avoir parfaite connaissance du r\u00e8glement de la course et l\u2019accepter sans r\u00e9serve.<\/p>\n<\/div>\n","protected":false},"excerpt":{"rendered":"<p>Art. 1 \u2013 L\u2019organisation Le Trail des 7 monts est organis\u00e9 par l&rsquo;Entente Sportive de Septmoncel le samedi 11 octobre 2025. Art. 2 \u2013 Les \u00e9preuves Le Trail des 7 monts comprend trois \u00e9preuves: 1 \u00e9preuve de 34 km, avec 1900 m de D+ d\u00e9nomm\u00e9e Trail des 7 monts : d\u00e9part \u00e0 12 h 1 [&hellip;]<\/p>\n","protected":false},"author":1,"featured_media":0,"parent":0,"menu_order":0,"comment_status":"closed","ping_status":"closed","template":"","meta":{"footnotes":""},"class_list":["post-24","page","type-page","status-publish","hentry"],"_links":{"self":[{"href":"https:\/\/entente-sportive-septmoncel.fr\/index.php\/wp-json\/wp\/v2\/pages\/24","targetHints":{"allow":["GET"]}}],"collection":[{"href":"https:\/\/entente-sportive-septmoncel.fr\/index.php\/wp-json\/wp\/v2\/pages"}],"about":[{"href":"https:\/\/entente-sportive-septmoncel.fr\/index.php\/wp-json\/wp\/v2\/types\/page"}],"author":[{"embeddable":true,"href":"https:\/\/entente-sportive-septmoncel.fr\/index.php\/wp-json\/wp\/v2\/users\/1"}],"replies":[{"embeddable":true,"href":"https:\/\/entente-sportive-septmoncel.fr\/index.php\/wp-json\/wp\/v2\/comments?post=24"}],"version-history":[{"count":12,"href":"https:\/\/entente-sportive-septmoncel.fr\/index.php\/wp-json\/wp\/v2\/pages\/24\/revisions"}],"predecessor-version":[{"id":318,"href":"https:\/\/entente-sportive-septmoncel.fr\/index.php\/wp-json\/wp\/v2\/pages\/24\/revisions\/318"}],"wp:attachment":[{"href":"https:\/\/entente-sportive-septmoncel.fr\/index.php\/wp-json\/wp\/v2\/media?parent=24"}],"curies":[{"name":"wp","href":"https:\/\/api.w.org\/{rel}","templated":true}]}}