{"id":41,"date":"2025-02-26T10:36:20","date_gmt":"2025-02-26T09:36:20","guid":{"rendered":"https:\/\/entente-sportive-septmoncel.fr\/?page_id=41"},"modified":"2025-12-06T11:50:47","modified_gmt":"2025-12-06T10:50:47","slug":"accueil","status":"publish","type":"page","link":"https:\/\/entente-sportive-septmoncel.fr\/","title":{"rendered":"Bienvenu(e) !"},"content":{"rendered":"\n<div class=\"wp-block-columns is-layout-flex wp-container-core-columns-is-layout-28f84493 wp-block-columns-is-layout-flex\">\n<div class=\"wp-block-column is-layout-flow wp-block-column-is-layout-flow\" style=\"flex-basis:33.33%\">\n<figure class=\"wp-block-image size-full\"><img fetchpriority=\"high\" decoding=\"async\" width=\"512\" height=\"512\" src=\"http:\/\/entente-sportive-septmoncel.fr\/wp-content\/uploads\/2025\/02\/cropped-logo-ess-final.webp\" alt=\"\" class=\"wp-image-104\" srcset=\"https:\/\/entente-sportive-septmoncel.fr\/wp-content\/uploads\/2025\/02\/cropped-logo-ess-final.webp 512w, https:\/\/entente-sportive-septmoncel.fr\/wp-content\/uploads\/2025\/02\/cropped-logo-ess-final-300x300.webp 300w, https:\/\/entente-sportive-septmoncel.fr\/wp-content\/uploads\/2025\/02\/cropped-logo-ess-final-150x150.webp 150w, https:\/\/entente-sportive-septmoncel.fr\/wp-content\/uploads\/2025\/02\/cropped-logo-ess-final-270x270.webp 270w, https:\/\/entente-sportive-septmoncel.fr\/wp-content\/uploads\/2025\/02\/cropped-logo-ess-final-192x192.webp 192w, https:\/\/entente-sportive-septmoncel.fr\/wp-content\/uploads\/2025\/02\/cropped-logo-ess-final-180x180.webp 180w, https:\/\/entente-sportive-septmoncel.fr\/wp-content\/uploads\/2025\/02\/cropped-logo-ess-final-32x32.png 32w\" sizes=\"(max-width: 512px) 100vw, 512px\" \/><\/figure>\n<\/div>\n\n\n\n<div class=\"wp-block-column is-layout-flow wp-block-column-is-layout-flow\" style=\"flex-basis:66.66%\">\n<figure class=\"wp-block-image aligncenter size-large\"><img decoding=\"async\" width=\"1024\" height=\"334\" src=\"http:\/\/entente-sportive-septmoncel.fr\/wp-content\/uploads\/2025\/02\/7M1-1024x334.webp\" alt=\"\" class=\"wp-image-140\" srcset=\"https:\/\/entente-sportive-septmoncel.fr\/wp-content\/uploads\/2025\/02\/7M1-1024x334.webp 1024w, https:\/\/entente-sportive-septmoncel.fr\/wp-content\/uploads\/2025\/02\/7M1-300x98.webp 300w, https:\/\/entente-sportive-septmoncel.fr\/wp-content\/uploads\/2025\/02\/7M1-768x251.webp 768w, https:\/\/entente-sportive-septmoncel.fr\/wp-content\/uploads\/2025\/02\/7M1-1536x502.webp 1536w, https:\/\/entente-sportive-septmoncel.fr\/wp-content\/uploads\/2025\/02\/7M1.webp 1840w\" sizes=\"(max-width: 1024px) 100vw, 1024px\" \/><figcaption class=\"wp-element-caption\"><strong>Saint Claude, l&rsquo;anticlinal des Gr\u00e8s et le village de Septmoncel<\/strong><\/figcaption><\/figure>\n<\/div>\n<\/div>\n\n\n\n<h2 class=\"wp-block-heading has-text-align-center\"><strong>Les r\u00e9sultats 2025 <a href=\"https:\/\/taktik-sport.com\/live\/trail-des-7-monts-2025\/\" target=\"_blank\" rel=\"noreferrer noopener\">ICI<\/a><\/strong><\/h2>\n\n\n\n<figure class=\"wp-block-image aligncenter size-large\"><img decoding=\"async\" src=\"http:\/\/entente-sportive-septmoncel.fr\/wp-content\/uploads\/2025\/12\/loto-719x1024.png\" alt=\"\" class=\"wp-image-333\"\/><\/figure>\n\n\n\n<figure class=\"wp-block-image aligncenter size-large\"><img decoding=\"async\" width=\"754\" height=\"1024\" src=\"http:\/\/entente-sportive-septmoncel.fr\/wp-content\/uploads\/2025\/12\/sapin-754x1024.webp\" alt=\"\" class=\"wp-image-334\" srcset=\"https:\/\/entente-sportive-septmoncel.fr\/wp-content\/uploads\/2025\/12\/sapin-754x1024.webp 754w, https:\/\/entente-sportive-septmoncel.fr\/wp-content\/uploads\/2025\/12\/sapin-221x300.webp 221w, https:\/\/entente-sportive-septmoncel.fr\/wp-content\/uploads\/2025\/12\/sapin-768x1044.webp 768w, https:\/\/entente-sportive-septmoncel.fr\/wp-content\/uploads\/2025\/12\/sapin-1130x1536.webp 1130w, https:\/\/entente-sportive-septmoncel.fr\/wp-content\/uploads\/2025\/12\/sapin.webp 1282w\" sizes=\"(max-width: 754px) 100vw, 754px\" \/><\/figure>\n\n\n\n<p class=\"has-text-align-center has-x-large-font-size\"><strong><a href=\"https:\/\/www.facebook.com\/profile.php?id=61553814583790\" data-type=\"link\" data-id=\"https:\/\/www.facebook.com\/profile.php?id=61553814583790\" target=\"_blank\" rel=\"noreferrer noopener\">Lien FaceBook <\/a><\/strong><\/p>\n\n\n\n<p class=\"has-text-align-left\"><strong>L&rsquo;ENTENTE SPORTIVE&nbsp; DE SEPTMONCEL est une association destin\u00e9e \u00e0 la pratique du sport de loisir et de comp\u00e9tition.<\/strong><\/p>\n\n\n\n<p class=\"has-text-align-left\"><strong>Elle se compose de diff\u00e9rentes sections sportives (voir menu)<\/strong><\/p>\n\n\n\n<div style=\"height:100px\" aria-hidden=\"true\" class=\"wp-block-spacer\"><\/div>\n\n\n\n<p class=\"has-text-align-left\"><strong>Elle organise aussi diff\u00e9rentes manifestations durant l&rsquo;ann\u00e9e<\/strong><\/p>\n\n\n\n<p class=\"has-text-align-left\"><strong>(par ordre chronologique):<\/strong><\/p>\n\n\n\n<p class=\"has-text-align-left\"><strong>&#8211; Concours de ski de fond &#8211; Challenge Luc Vuillet (f\u00e9vrier)<\/strong><\/p>\n\n\n\n<p class=\"has-text-align-left\"><strong>&#8211; Sortie ski alpin (avril)<\/strong><\/p>\n\n\n\n<p class=\"has-text-align-left\"><strong>&#8211; Randonn\u00e9e, enjamb\u00e9e et trail des 7 Monts (octobre)<\/strong><\/p>\n\n\n\n<p class=\"has-text-align-left\"><strong>&#8211; Loto et vente de sapins de No\u00ebl (d\u00e9cembre)<\/strong><\/p>\n\n\n\n<div style=\"height:100px\" aria-hidden=\"true\" class=\"wp-block-spacer\"><\/div>\n\n\n\n<p class=\"has-text-align-left\"><strong>Elle aide aussi \u00e0 l&rsquo;organisation d&rsquo;autres manifestations sportives :<\/strong><\/p>\n\n\n\n<p class=\"has-text-align-left\"><strong>&#8211; BELLES COMBES : ski de fond en style classique (janvier)<\/strong><\/p>\n\n\n\n<p class=\"has-text-align-left\"><strong>&#8211; JURAPICS : ultratrail \u00e0 Saint Claude (juillet)<\/strong><\/p>\n\n\n\n<p class=\"has-text-align-left\"><strong>&#8211; FORESTIERE : VTT et gravel (septembre)<\/strong><\/p>\n\n\n\n<p class=\"has-text-align-left\"><strong>&#8211; UTMJ : Ultratrail des Montagnes du Jura (octobre<\/strong>)<\/p>\n\n\n\n<p><\/p>\n\n\n\n<p><\/p>\n\n\n\n<p><strong>Cr\u00e9dit photos : Les photos pr\u00e9sentes sur ce site ont \u00e9t\u00e9 prises par :<\/strong><\/p>\n\n\n\n<p><strong>Albert CORTINOVIS, photographe amateur \u00e0 SEPTMONCEL<\/strong><\/p>\n\n\n\n<p><strong>Dominique PIAZZOLLA, Sophie DALLOZ de L&rsquo;HEBDO DU HAUT JURA<\/strong><\/p>\n","protected":false},"excerpt":{"rendered":"<p>Les r\u00e9sultats 2025 ICI Lien FaceBook L&rsquo;ENTENTE SPORTIVE&nbsp; DE SEPTMONCEL est une association destin\u00e9e \u00e0 la pratique du sport de loisir et de comp\u00e9tition. Elle se compose de diff\u00e9rentes sections sportives (voir menu) Elle organise aussi diff\u00e9rentes manifestations durant l&rsquo;ann\u00e9e (par ordre chronologique): &#8211; Concours de ski de fond &#8211; Challenge Luc Vuillet (f\u00e9vrier) &#8211; [&hellip;]<\/p>\n","protected":false},"author":1,"featured_media":0,"parent":0,"menu_order":0,"comment_status":"closed","ping_status":"closed","template":"","meta":{"footnotes":""},"class_list":["post-41","page","type-page","status-publish","hentry"],"_links":{"self":[{"href":"https:\/\/entente-sportive-septmoncel.fr\/index.php\/wp-json\/wp\/v2\/pages\/41","targetHints":{"allow":["GET"]}}],"collection":[{"href":"https:\/\/entente-sportive-septmoncel.fr\/index.php\/wp-json\/wp\/v2\/pages"}],"about":[{"href":"https:\/\/entente-sportive-septmoncel.fr\/index.php\/wp-json\/wp\/v2\/types\/page"}],"author":[{"embeddable":true,"href":"https:\/\/entente-sportive-septmoncel.fr\/index.php\/wp-json\/wp\/v2\/users\/1"}],"replies":[{"embeddable":true,"href":"https:\/\/entente-sportive-septmoncel.fr\/index.php\/wp-json\/wp\/v2\/comments?post=41"}],"version-history":[{"count":56,"href":"https:\/\/entente-sportive-septmoncel.fr\/index.php\/wp-json\/wp\/v2\/pages\/41\/revisions"}],"predecessor-version":[{"id":336,"href":"https:\/\/entente-sportive-septmoncel.fr\/index.php\/wp-json\/wp\/v2\/pages\/41\/revisions\/336"}],"wp:attachment":[{"href":"https:\/\/entente-sportive-septmoncel.fr\/index.php\/wp-json\/wp\/v2\/media?parent=41"}],"curies":[{"name":"wp","href":"https:\/\/api.w.org\/{rel}","templated":true}]}}