{"id":48,"date":"2025-02-26T10:43:27","date_gmt":"2025-02-26T09:43:27","guid":{"rendered":"https:\/\/entente-sportive-septmoncel.fr\/?page_id=48"},"modified":"2025-10-13T20:48:32","modified_gmt":"2025-10-13T18:48:32","slug":"resultats","status":"publish","type":"page","link":"https:\/\/entente-sportive-septmoncel.fr\/index.php\/resultats\/","title":{"rendered":"R\u00e9sultats"},"content":{"rendered":"\n<figure class=\"wp-block-image aligncenter size-full\"><img decoding=\"async\" src=\"http:\/\/entente-sportive-septmoncel.fr\/wp-content\/uploads\/2025\/02\/chrono1.jpeg\" alt=\"\" class=\"wp-image-224\"\/><figcaption class=\"wp-element-caption\">Thomas Chronom\u00e9teur Taktik sport<\/figcaption><\/figure>\n\n\n\n<div style=\"height:100px\" aria-hidden=\"true\" class=\"wp-block-spacer\"><\/div>\n\n\n\n<p><a href=\"https:\/\/taktik-sport.com\/live\/trail-des-7-monts-2025\/\" target=\"_blank\" rel=\"noreferrer noopener\"><strong>R\u00e9sultats 7 Monts 202<\/strong>5<\/a><\/p>\n\n\n\n<p class=\"has-black-color has-text-color has-link-color wp-elements-d70e989af069192e08b049bb313ecfe5\"><a href=\"https:\/\/taktik-sport.com\/live\/trail-7-monts-2024\/\" target=\"_blank\" rel=\"noreferrer noopener\"><strong>R\u00e9sultats 7 Monts 2024<\/strong><\/a><\/p>\n\n\n\n<p class=\"has-black-color has-text-color has-link-color wp-elements-1278522898f1c466f3dbd909c15f4f43\"><a href=\"https:\/\/taktik-sport.com\/live\/trail-7-monts-2023\/\" target=\"_blank\" rel=\"noreferrer noopener\"><strong>R\u00e9sultats 7 Monts 2023<\/strong><\/a><\/p>\n\n\n\n<p class=\"has-black-color has-text-color has-link-color wp-elements-88b55f103df756b4c6db637438f6245f\"><a href=\"https:\/\/taktik-sport.com\/live\/trail-7-monts-2022\/\" target=\"_blank\" rel=\"noreferrer noopener\"><strong>R\u00e9sultats 7 Monts 2022<\/strong><\/a><\/p>\n\n\n\n<p class=\"has-black-color has-text-color has-link-color wp-elements-549b045cab2a265ff1dcb4c0830f0d2c\"><a href=\"https:\/\/taktik-sport.com\/resultats\/trail7monts2021\/\" target=\"_blank\" rel=\"noreferrer noopener\"><strong>R\u00e9sultats 7 Monts 2021<\/strong><\/a><\/p>\n\n\n\n<p class=\"has-black-color has-text-color has-link-color wp-elements-276b4f83daace06c0e428422c4561c49\"><a href=\"https:\/\/taktik-sport.com\/resultats\/trail7monts2020\/\" target=\"_blank\" rel=\"noreferrer noopener\"><strong>R\u00e9sultats 7 Monts 20<\/strong><strong>20<\/strong><\/a><\/p>\n","protected":false},"excerpt":{"rendered":"<p>R\u00e9sultats 7 Monts 2025 R\u00e9sultats 7 Monts 2024 R\u00e9sultats 7 Monts 2023 R\u00e9sultats 7 Monts 2022 R\u00e9sultats 7 Monts 2021 R\u00e9sultats 7 Monts 2020<\/p>\n","protected":false},"author":1,"featured_media":0,"parent":0,"menu_order":0,"comment_status":"closed","ping_status":"closed","template":"","meta":{"footnotes":""},"class_list":["post-48","page","type-page","status-publish","hentry"],"_links":{"self":[{"href":"https:\/\/entente-sportive-septmoncel.fr\/index.php\/wp-json\/wp\/v2\/pages\/48","targetHints":{"allow":["GET"]}}],"collection":[{"href":"https:\/\/entente-sportive-septmoncel.fr\/index.php\/wp-json\/wp\/v2\/pages"}],"about":[{"href":"https:\/\/entente-sportive-septmoncel.fr\/index.php\/wp-json\/wp\/v2\/types\/page"}],"author":[{"embeddable":true,"href":"https:\/\/entente-sportive-septmoncel.fr\/index.php\/wp-json\/wp\/v2\/users\/1"}],"replies":[{"embeddable":true,"href":"https:\/\/entente-sportive-septmoncel.fr\/index.php\/wp-json\/wp\/v2\/comments?post=48"}],"version-history":[{"count":8,"href":"https:\/\/entente-sportive-septmoncel.fr\/index.php\/wp-json\/wp\/v2\/pages\/48\/revisions"}],"predecessor-version":[{"id":323,"href":"https:\/\/entente-sportive-septmoncel.fr\/index.php\/wp-json\/wp\/v2\/pages\/48\/revisions\/323"}],"wp:attachment":[{"href":"https:\/\/entente-sportive-septmoncel.fr\/index.php\/wp-json\/wp\/v2\/media?parent=48"}],"curies":[{"name":"wp","href":"https:\/\/api.w.org\/{rel}","templated":true}]}}